{"id":799,"date":"2024-02-29T11:59:01","date_gmt":"2024-02-29T11:59:01","guid":{"rendered":"http:\/\/www.sova.at\/?post_type=product&#038;p=799"},"modified":"2026-01-28T11:59:57","modified_gmt":"2026-01-28T11:59:57","slug":"na-travniku-zelenem","status":"publish","type":"product","link":"https:\/\/www.sova.at\/?product=na-travniku-zelenem","title":{"rendered":"Na travniku zelenem"},"content":{"rendered":"<p>Pesmarica za jasli, otro\u0161ke vrtce in ljudske \u0161ole.<br \/>\nLiederbuch f\u00fcr Krippen, Kinderg\u00e4rten und Volksschulen.<\/p>\n","protected":false},"excerpt":{"rendered":"<p>Pesmarica za jasli, otro\u0161ke vrtce in ljudske \u0161ole. Liederbuch f\u00fcr Krippen, Kinderg\u00e4rten und Volksschulen.<\/p>\n","protected":false},"featured_media":800,"template":"","meta":[],"product_brand":[],"product_cat":[59],"product_tag":[],"class_list":{"0":"post-799","1":"product","2":"type-product","3":"status-publish","4":"has-post-thumbnail","6":"product_cat-knjiga-buch","8":"first","9":"instock","10":"taxable","11":"shipping-taxable","12":"purchasable","13":"product-type-simple"},"jetpack_sharing_enabled":true,"_links":{"self":[{"href":"https:\/\/www.sova.at\/index.php?rest_route=\/wp\/v2\/product\/799","targetHints":{"allow":["GET"]}}],"collection":[{"href":"https:\/\/www.sova.at\/index.php?rest_route=\/wp\/v2\/product"}],"about":[{"href":"https:\/\/www.sova.at\/index.php?rest_route=\/wp\/v2\/types\/product"}],"wp:featuredmedia":[{"embeddable":true,"href":"https:\/\/www.sova.at\/index.php?rest_route=\/wp\/v2\/media\/800"}],"wp:attachment":[{"href":"https:\/\/www.sova.at\/index.php?rest_route=%2Fwp%2Fv2%2Fmedia&parent=799"}],"wp:term":[{"taxonomy":"product_brand","embeddable":true,"href":"https:\/\/www.sova.at\/index.php?rest_route=%2Fwp%2Fv2%2Fproduct_brand&post=799"},{"taxonomy":"product_cat","embeddable":true,"href":"https:\/\/www.sova.at\/index.php?rest_route=%2Fwp%2Fv2%2Fproduct_cat&post=799"},{"taxonomy":"product_tag","embeddable":true,"href":"https:\/\/www.sova.at\/index.php?rest_route=%2Fwp%2Fv2%2Fproduct_tag&post=799"}],"curies":[{"name":"wp","href":"https:\/\/api.w.org\/{rel}","templated":true}]}}