{"id":745,"date":"2022-10-22T08:18:32","date_gmt":"2022-10-22T08:18:32","guid":{"rendered":"http:\/\/www.sova.at\/?post_type=product&#038;p=745"},"modified":"2024-05-14T08:19:09","modified_gmt":"2024-05-14T08:19:09","slug":"stampiljke-za-pouk","status":"publish","type":"product","link":"https:\/\/www.sova.at\/?product=stampiljke-za-pouk","title":{"rendered":"\u0160tampiljke za pouk"},"content":{"rendered":"<p>Slovenske \u0161tampiljke za dvojezi\u010dni pouk.<br \/>\nSlowenische Stempel f\u00fcr den zweisprachigen Unterricht.<\/p>\n","protected":false},"excerpt":{"rendered":"<p>Slovenske \u0161tampiljke za dvojezi\u010dni pouk. Slowenische Stempel f\u00fcr den zweisprachigen Unterricht.<\/p>\n","protected":false},"featured_media":743,"template":"","meta":[],"product_brand":[],"product_cat":[58],"product_tag":[],"class_list":{"0":"post-745","1":"product","2":"type-product","3":"status-publish","4":"has-post-thumbnail","6":"product_cat-ucni-pripomocek","8":"first","9":"outofstock","10":"taxable","11":"shipping-taxable","12":"purchasable","13":"product-type-simple"},"jetpack_sharing_enabled":true,"_links":{"self":[{"href":"https:\/\/www.sova.at\/index.php?rest_route=\/wp\/v2\/product\/745","targetHints":{"allow":["GET"]}}],"collection":[{"href":"https:\/\/www.sova.at\/index.php?rest_route=\/wp\/v2\/product"}],"about":[{"href":"https:\/\/www.sova.at\/index.php?rest_route=\/wp\/v2\/types\/product"}],"wp:featuredmedia":[{"embeddable":true,"href":"https:\/\/www.sova.at\/index.php?rest_route=\/wp\/v2\/media\/743"}],"wp:attachment":[{"href":"https:\/\/www.sova.at\/index.php?rest_route=%2Fwp%2Fv2%2Fmedia&parent=745"}],"wp:term":[{"taxonomy":"product_brand","embeddable":true,"href":"https:\/\/www.sova.at\/index.php?rest_route=%2Fwp%2Fv2%2Fproduct_brand&post=745"},{"taxonomy":"product_cat","embeddable":true,"href":"https:\/\/www.sova.at\/index.php?rest_route=%2Fwp%2Fv2%2Fproduct_cat&post=745"},{"taxonomy":"product_tag","embeddable":true,"href":"https:\/\/www.sova.at\/index.php?rest_route=%2Fwp%2Fv2%2Fproduct_tag&post=745"}],"curies":[{"name":"wp","href":"https:\/\/api.w.org\/{rel}","templated":true}]}}