{"id":702,"date":"2020-12-16T18:37:53","date_gmt":"2020-12-16T18:37:53","guid":{"rendered":"http:\/\/www.sova.at\/?post_type=product&#038;p=702"},"modified":"2020-12-16T18:38:30","modified_gmt":"2020-12-16T18:38:30","slug":"slovenscina-v-soli","status":"publish","type":"product","link":"https:\/\/www.sova.at\/?product=slovenscina-v-soli","title":{"rendered":"Sloven\u0161\u010dina v \u0161oli &#8211; Slowenisch in der Schule"},"content":{"rendered":"<p>Tatjana Feinig<\/p>\n<p>dvojezi\u010dna knjiga\/zweisprachiges Buch<\/p>\n","protected":false},"excerpt":{"rendered":"<p>Tatjana Feinig dvojezi\u010dna knjiga\/zweisprachiges Buch<\/p>\n","protected":false},"featured_media":703,"template":"","meta":[],"product_brand":[],"product_cat":[59],"product_tag":[],"class_list":{"0":"post-702","1":"product","2":"type-product","3":"status-publish","4":"has-post-thumbnail","6":"product_cat-knjiga-buch","8":"first","9":"instock","10":"taxable","11":"shipping-taxable","12":"purchasable","13":"product-type-simple"},"jetpack_sharing_enabled":true,"_links":{"self":[{"href":"https:\/\/www.sova.at\/index.php?rest_route=\/wp\/v2\/product\/702","targetHints":{"allow":["GET"]}}],"collection":[{"href":"https:\/\/www.sova.at\/index.php?rest_route=\/wp\/v2\/product"}],"about":[{"href":"https:\/\/www.sova.at\/index.php?rest_route=\/wp\/v2\/types\/product"}],"wp:featuredmedia":[{"embeddable":true,"href":"https:\/\/www.sova.at\/index.php?rest_route=\/wp\/v2\/media\/703"}],"wp:attachment":[{"href":"https:\/\/www.sova.at\/index.php?rest_route=%2Fwp%2Fv2%2Fmedia&parent=702"}],"wp:term":[{"taxonomy":"product_brand","embeddable":true,"href":"https:\/\/www.sova.at\/index.php?rest_route=%2Fwp%2Fv2%2Fproduct_brand&post=702"},{"taxonomy":"product_cat","embeddable":true,"href":"https:\/\/www.sova.at\/index.php?rest_route=%2Fwp%2Fv2%2Fproduct_cat&post=702"},{"taxonomy":"product_tag","embeddable":true,"href":"https:\/\/www.sova.at\/index.php?rest_route=%2Fwp%2Fv2%2Fproduct_tag&post=702"}],"curies":[{"name":"wp","href":"https:\/\/api.w.org\/{rel}","templated":true}]}}