{"id":82,"date":"2011-01-23T15:06:48","date_gmt":"2011-01-23T15:06:48","guid":{"rendered":"http:\/\/www.sova.at\/?page_id=82"},"modified":"2014-04-27T11:28:14","modified_gmt":"2014-04-27T11:28:14","slug":"dejavnosti-tatigkeiten","status":"publish","type":"page","link":"https:\/\/www.sova.at\/?page_id=82","title":{"rendered":"Dejavnosti | T\u00e4tigkeiten"},"content":{"rendered":"<p>Strokovno pedago\u0161ko zdru\u017eenje je bilo ustanovljeno leta 1984 kot platforma vseh dvojezi\u010dnih pedagoginj in pedagogov na avstrijskem Koro\u0161kem. Dokaj hitro smo postali merodajen partner in dejavnik pri oblikovanju \u0161olskega vsakdanjika in \u0161olske prihodnosti.<br \/>\nProdoren uspeh smo dosegli leta 1999, ko smo dosegli raz\u0161iritev dvojezi\u010dnega pouka na \u010detrto \u0161olsko stopnjo.<\/p>\n<h1>&#8230;va\u0161 partner pri razvijanju kakovosti<\/h1>\n<p>Razvijamo in izdajamo \u0161olsko gradivo vseh vrst. V 26 letih je iz\u0161lo okoli 60 publikacij: knjige, CD-ji, CD-romi, online-igrice, online slovar\u010dek, igrice, kartice, zemljevidi itd.<\/p>\n<h1>&#8230;va\u0161 partner ki povezuje<\/h1>\n<p>Skrbimo tudi za povezovanje s slovenskimi in dvojezi\u010dnimi \u0161olami in vrtci v Sloveniji, na Mad\u017earskem in Italiji.<br \/>\nPoleg tega gojimo stike s \u0161tajerskimi Slovenci in ostalimi manj\u0161inami v Avstriji.<br \/>\nSodelujemo s Pedago\u0161ko visoko \u0161olo in univerzo v Celovcu.<\/p>\n<h1>&#8230;va\u0161 partner pri zastopanju interesov<\/h1>\n<p>U\u010diteljske interese zastopamo v raznih komisijah na Dunaju, Celovcu in Ljubljani.<br \/>\nKot nevladna in neprofitna organizacija varujemo pravice na podro\u010dju pred\u0161olske vzgoje, manj\u0161inskega \u0161olstva, sloven\u0161\u010dine na srednjih in vi\u0161jih \u0161olah.<br \/>\nNudimo pomo\u010d pri uveljavljanju pravic in re\u0161evanju problemov.<br \/>\nPripravljamo strokovne debate, posvete in delavnice.<\/p>\n<p>Die P\u00e4dagogische Fachvereinigung K\u00e4rnten wurde im Jahr 1984 gegr\u00fcndet und ist die Interessensvertretung der zweisprachigen Lehrerinnen und Lehrer in K\u00e4rnten. Wir sind ein verl\u00e4sslicher Partner in Sachen Qualit\u00e4tsentwicklung und Qualit\u00e4tssicherung im schulischen Bereich.<\/p>\n<h1>&#8230;ihr Partner in der Qualit\u00e4tsentwicklung<\/h1>\n<p>Wir entwickeln und verlegen Unterrichtsbehelfe und Schulb\u00fccher. In den vergangenen Jahren entstanden \u00fcber 60 Publikationen: B\u00fccher, CDs, CD-ROMs, Online-Spiele, Online-W\u00f6rterb\u00fccher, Lernspiele, Wandkarten etc.<\/p>\n<h1>&#8230;ihr Partner, der verbindet<\/h1>\n<p>Wir helfen beim Kn\u00fcpfen von Kontakten zu zwei- und mehrsprachigen Kinderg\u00e4rten und Schulen in Slowenien, Italien und Ungarn.<br \/>\nAu\u00dferdem pflegen wir Kontakte zu den steirischen Slowenen und den anderen Volksgruppen in \u00d6sterreich.<br \/>\nWir kooperieren mit der P\u00e4dagogischen Hochschule K\u00e4rnten sowie mit der Alpen Adria Universit\u00e4t Klagenfurt.<\/p>\n<h1>&#8230;ihr Partner bei der Interessensvertretung<\/h1>\n<p>Wir vertreten die Interessen der P\u00e4dagoginnen und P\u00e4dagogen in zahlreichen Expertengruppen in Wien, Klagenfurt und Ljubljana.<br \/>\nAls unabh\u00e4ngige non-profit Organisation wahren wir die Rechte der Kolleginnen und Kollegen in den Bereichen der vorschulischen Erziehung und des Minderheitenschulwesens.<br \/>\nWir organisieren Fachgespr\u00e4che und Workshops.<\/p>\n","protected":false},"excerpt":{"rendered":"<p>Strokovno pedago\u0161ko zdru\u017eenje je bilo ustanovljeno leta 1984 kot platforma vseh dvojezi\u010dnih pedagoginj in pedagogov na avstrijskem Koro\u0161kem. Dokaj hitro smo postali merodajen partner in dejavnik pri oblikovanju \u0161olskega vsakdanjika in \u0161olske prihodnosti. Prodoren uspeh smo dosegli leta 1999, ko smo dosegli raz\u0161iritev dvojezi\u010dnega pouka na \u010detrto \u0161olsko stopnjo. &#8230;va\u0161 partner pri razvijanju kakovosti Razvijamo [&hellip;]<\/p>\n","protected":false},"author":1,"featured_media":0,"parent":0,"menu_order":0,"comment_status":"closed","ping_status":"closed","template":"","meta":{"footnotes":""},"class_list":["post-82","page","type-page","status-publish"],"jetpack_sharing_enabled":true,"_links":{"self":[{"href":"https:\/\/www.sova.at\/index.php?rest_route=\/wp\/v2\/pages\/82","targetHints":{"allow":["GET"]}}],"collection":[{"href":"https:\/\/www.sova.at\/index.php?rest_route=\/wp\/v2\/pages"}],"about":[{"href":"https:\/\/www.sova.at\/index.php?rest_route=\/wp\/v2\/types\/page"}],"author":[{"embeddable":true,"href":"https:\/\/www.sova.at\/index.php?rest_route=\/wp\/v2\/users\/1"}],"replies":[{"embeddable":true,"href":"https:\/\/www.sova.at\/index.php?rest_route=%2Fwp%2Fv2%2Fcomments&post=82"}],"version-history":[{"count":14,"href":"https:\/\/www.sova.at\/index.php?rest_route=\/wp\/v2\/pages\/82\/revisions"}],"predecessor-version":[{"id":328,"href":"https:\/\/www.sova.at\/index.php?rest_route=\/wp\/v2\/pages\/82\/revisions\/328"}],"wp:attachment":[{"href":"https:\/\/www.sova.at\/index.php?rest_route=%2Fwp%2Fv2%2Fmedia&parent=82"}],"curies":[{"name":"wp","href":"https:\/\/api.w.org\/{rel}","templated":true}]}}